{"id":3758,"date":"2021-05-27T17:24:28","date_gmt":"2021-05-27T15:24:28","guid":{"rendered":"https:\/\/www.haro-sports.com\/products\/elastic-sports-coating\/athens\/athen-15\/"},"modified":"2023-06-27T14:08:25","modified_gmt":"2023-06-27T12:08:25","slug":"athens-15","status":"publish","type":"page","link":"https:\/\/www.haro-sports.com\/en\/products\/elastic-sports-coating\/athens\/athens-15\/","title":{"rendered":"Athens 15"},"content":{"rendered":"<p><div class=\"fusion-fullwidth fullwidth-box fusion-builder-row-1 fusion-flex-container nonhundred-percent-fullwidth non-hundred-percent-height-scrolling\" style=\"--awb-border-radius-top-left:0px;--awb-border-radius-top-right:0px;--awb-border-radius-bottom-right:0px;--awb-border-radius-bottom-left:0px;--awb-flex-wrap:wrap;\" ><div class=\"fusion-builder-row fusion-row fusion-flex-align-items-flex-start fusion-flex-content-wrap\" style=\"max-width:1435.2px;margin-left: calc(-4% \/ 2 );margin-right: calc(-4% \/ 2 );\"><div class=\"fusion-layout-column fusion_builder_column fusion-builder-column-0 fusion_builder_column_2_3 2_3 fusion-flex-column\" style=\"--awb-bg-size:cover;--awb-width-large:66.666666666667%;--awb-margin-top-large:0px;--awb-spacing-right-large:2.88%;--awb-margin-bottom-large:20px;--awb-spacing-left-large:2.88%;--awb-width-medium:66.666666666667%;--awb-order-medium:0;--awb-spacing-right-medium:2.88%;--awb-spacing-left-medium:2.88%;--awb-width-small:100%;--awb-order-small:0;--awb-spacing-right-small:1.92%;--awb-spacing-left-small:1.92%;\"><div class=\"fusion-column-wrapper fusion-column-has-shadow fusion-flex-justify-content-flex-start fusion-content-layout-column\"><div class=\"fusion-image-element \" style=\"text-align:center;--awb-caption-title-font-family:var(--h2_typography-font-family);--awb-caption-title-font-weight:var(--h2_typography-font-weight);--awb-caption-title-font-style:var(--h2_typography-font-style);--awb-caption-title-size:var(--h2_typography-font-size);--awb-caption-title-transform:var(--h2_typography-text-transform);--awb-caption-title-line-height:var(--h2_typography-line-height);--awb-caption-title-letter-spacing:var(--h2_typography-letter-spacing);\"><span class=\" fusion-imageframe imageframe-none imageframe-1 hover-type-none\"><a href=\"https:\/\/www.haro-sports.com\/wp-content\/uploads\/2022\/07\/Athen_15-1-scaled.jpg\" class=\"fusion-lightbox\" data-rel=\"iLightbox[ee3cb6eb8a56543829d]\" data-title=\"Athen_15\" title=\"Athen_15\"><img decoding=\"async\" width=\"600\" height=\"400\" src=\"https:\/\/www.haro-sports.com\/wp-content\/uploads\/2022\/07\/Athen_15-1-scaled.jpg\" data-orig-src=\"https:\/\/www.haro-sports.com\/wp-content\/uploads\/2022\/07\/Athen_15-1-600x400.jpg\" alt class=\"lazyload img-responsive wp-image-3355\" srcset=\"data:image\/svg+xml,%3Csvg%20xmlns%3D%27http%3A%2F%2Fwww.w3.org%2F2000%2Fsvg%27%20width%3D%272560%27%20height%3D%271707%27%20viewBox%3D%270%200%202560%201707%27%3E%3Crect%20width%3D%272560%27%20height%3D%271707%27%20fill-opacity%3D%220%22%2F%3E%3C%2Fsvg%3E\" data-srcset=\"https:\/\/www.haro-sports.com\/wp-content\/uploads\/2022\/07\/Athen_15-1-200x133.jpg 200w, https:\/\/www.haro-sports.com\/wp-content\/uploads\/2022\/07\/Athen_15-1-400x267.jpg 400w, https:\/\/www.haro-sports.com\/wp-content\/uploads\/2022\/07\/Athen_15-1-600x400.jpg 600w, https:\/\/www.haro-sports.com\/wp-content\/uploads\/2022\/07\/Athen_15-1-800x533.jpg 800w, https:\/\/www.haro-sports.com\/wp-content\/uploads\/2022\/07\/Athen_15-1-1200x800.jpg 1200w\" data-sizes=\"auto\" data-orig-sizes=\"(max-width: 640px) 100vw, 1200px\" \/><\/a><\/span><\/div><\/div><\/div><div class=\"fusion-layout-column fusion_builder_column fusion-builder-column-1 fusion_builder_column_1_3 1_3 fusion-flex-column\" style=\"--awb-bg-size:cover;--awb-width-large:33.333333333333%;--awb-margin-top-large:0px;--awb-spacing-right-large:5.76%;--awb-margin-bottom-large:20px;--awb-spacing-left-large:5.76%;--awb-width-medium:33.333333333333%;--awb-order-medium:0;--awb-spacing-right-medium:5.76%;--awb-spacing-left-medium:5.76%;--awb-width-small:100%;--awb-order-small:0;--awb-spacing-right-small:1.92%;--awb-spacing-left-small:1.92%;\"><div class=\"fusion-column-wrapper fusion-column-has-shadow fusion-flex-justify-content-flex-start fusion-content-layout-column\"><div class=\"fusion-title title fusion-title-1 fusion-sep-none fusion-title-text fusion-title-size-one produkte-header\" style=\"--awb-margin-top-small:10px;--awb-margin-right-small:0px;--awb-margin-bottom-small:10px;--awb-margin-left-small:0px;\"><h1 class=\"fusion-title-heading title-heading-left\" style=\"margin:0;\">Athens 15<\/h1><\/div><div class=\"fusion-text fusion-text-1\"><h2 id=\"bodensuche_produkt_produktbezeichnung\">HARO elastic sports coating<\/h2>\n<h3>Area elastic sports floor<\/h3>\n<\/div><div class=\"fusion-separator fusion-full-width-sep\" style=\"align-self: center;margin-left: auto;margin-right: auto;width:100%;\"><div class=\"fusion-separator-border sep-single sep-solid\" style=\"--awb-height:20px;--awb-amount:20px;border-color:#e2e2e2;border-top-width:1px;\"><\/div><\/div><div class=\"fusion-text fusion-text-2\"><p><strong>This product is available in the following varieties:<\/strong><\/p>\n<p><b>\u00a0<\/b><\/p>\n<\/div><div class=\"fusion-builder-row fusion-builder-row-inner fusion-row fusion-flex-align-items-flex-start fusion-flex-content-wrap\" style=\"--awb-flex-grow:0;--awb-flex-grow-medium:0;--awb-flex-grow-small:0;--awb-flex-shrink:0;--awb-flex-shrink-medium:0;--awb-flex-shrink-small:0;width:104% !important;max-width:104% !important;margin-left: calc(-4% \/ 2 );margin-right: calc(-4% \/ 2 );\"><div class=\"fusion-layout-column fusion_builder_column_inner fusion-builder-nested-column-0 fusion_builder_column_inner_1_3 1_3 fusion-flex-column\" style=\"--awb-bg-size:cover;--awb-width-large:33.333333333333%;--awb-margin-top-large:0px;--awb-spacing-right-large:5.76%;--awb-margin-bottom-large:20px;--awb-spacing-left-large:5.76%;--awb-width-medium:33.333333333333%;--awb-order-medium:0;--awb-spacing-right-medium:5.76%;--awb-spacing-left-medium:5.76%;--awb-width-small:100%;--awb-order-small:0;--awb-spacing-right-small:1.92%;--awb-spacing-left-small:1.92%;\"><div class=\"fusion-column-wrapper fusion-column-has-shadow fusion-flex-justify-content-flex-start fusion-content-layout-column\"><div ><a class=\"fusion-button button-flat fusion-button-default-size button-default fusion-button-default button-1 fusion-button-default-span fusion-button-default-type\" style=\"--button-border-radius-top-left:5px;--button-border-radius-top-right:5px;--button-border-radius-bottom-right:5px;--button-border-radius-bottom-left:5px;--button_text_transform:none;\" target=\"_self\"><span class=\"fusion-button-text awb-button__text awb-button__text--default\">Athens 15<\/span><\/a><\/div><\/div><\/div><div class=\"fusion-layout-column fusion_builder_column_inner fusion-builder-nested-column-1 fusion_builder_column_inner_1_3 1_3 fusion-flex-column\" style=\"--awb-bg-size:cover;--awb-width-large:33.333333333333%;--awb-margin-top-large:0px;--awb-spacing-right-large:5.76%;--awb-margin-bottom-large:20px;--awb-spacing-left-large:5.76%;--awb-width-medium:33.333333333333%;--awb-order-medium:0;--awb-spacing-right-medium:5.76%;--awb-spacing-left-medium:5.76%;--awb-width-small:100%;--awb-order-small:0;--awb-spacing-right-small:1.92%;--awb-spacing-left-small:1.92%;\"><div class=\"fusion-column-wrapper fusion-column-has-shadow fusion-flex-justify-content-flex-start fusion-content-layout-column\"><div ><a class=\"fusion-button button-flat fusion-button-default-size button-custom fusion-button-default button-2 fusion-button-default-span fusion-button-default-type\" style=\"--button_accent_color:#000000;--button_border_color:#aaaaaa;--button_accent_hover_color:#000000;--button_border_hover_color:#aaaaaa;--button_border_width-top:1px;--button_border_width-right:1px;--button_border_width-bottom:1px;--button_border_width-left:1px;--button-border-radius-top-left:5px;--button-border-radius-top-right:5px;--button-border-radius-bottom-right:5px;--button-border-radius-bottom-left:5px;--button_gradient_top_color:#ffffff;--button_gradient_bottom_color:#ffffff;--button_gradient_top_color_hover:#d7d2cb;--button_gradient_bottom_color_hover:#d7d2cb;--button_text_transform:none;\" target=\"_self\" href=\"https:\/\/www.haro-sports.com\/en\/products\/elastic-sports-coating\/athens\/athens-70-10\/\"><span class=\"fusion-button-text awb-button__text awb-button__text--default\">Athens 70-10<\/span><\/a><\/div><\/div><\/div><\/div><\/div><\/div><\/div><\/div><div class=\"fusion-fullwidth fullwidth-box fusion-builder-row-2 fusion-flex-container nonhundred-percent-fullwidth non-hundred-percent-height-scrolling custom-tabs\" style=\"--awb-border-radius-top-left:0px;--awb-border-radius-top-right:0px;--awb-border-radius-bottom-right:0px;--awb-border-radius-bottom-left:0px;--awb-flex-wrap:wrap;\" ><div class=\"fusion-builder-row fusion-row fusion-flex-align-items-flex-start fusion-flex-content-wrap\" style=\"max-width:1435.2px;margin-left: calc(-4% \/ 2 );margin-right: calc(-4% \/ 2 );\"><div class=\"fusion-layout-column fusion_builder_column fusion-builder-column-2 fusion_builder_column_1_2 1_2 fusion-flex-column\" style=\"--awb-bg-size:cover;--awb-width-large:50%;--awb-margin-top-large:0px;--awb-spacing-right-large:3.84%;--awb-margin-bottom-large:20px;--awb-spacing-left-large:3.84%;--awb-width-medium:50%;--awb-order-medium:0;--awb-spacing-right-medium:3.84%;--awb-spacing-left-medium:3.84%;--awb-width-small:100%;--awb-order-small:0;--awb-spacing-right-small:1.92%;--awb-spacing-left-small:1.92%;\"><div class=\"fusion-column-wrapper fusion-column-has-shadow fusion-flex-justify-content-flex-start fusion-content-layout-column\"><div class=\"fusion-title title fusion-title-2 fusion-sep-none fusion-title-text fusion-title-size-four\" style=\"--awb-margin-top-small:10px;--awb-margin-right-small:0px;--awb-margin-bottom-small:10px;--awb-margin-left-small:0px;\"><h4 class=\"fusion-title-heading title-heading-left\" style=\"margin:0;\">Information<\/h4><\/div><div class=\"fusion-builder-row fusion-builder-row-inner fusion-row fusion-flex-align-items-flex-start fusion-flex-content-wrap\" style=\"--awb-flex-grow:0;--awb-flex-grow-medium:0;--awb-flex-grow-small:0;--awb-flex-shrink:0;--awb-flex-shrink-medium:0;--awb-flex-shrink-small:0;width:104% !important;max-width:104% !important;margin-left: calc(-4% \/ 2 );margin-right: calc(-4% \/ 2 );\"><div class=\"fusion-layout-column fusion_builder_column_inner fusion-builder-nested-column-2 fusion_builder_column_inner_1_2 1_2 fusion-flex-column\" style=\"--awb-bg-size:cover;--awb-width-large:50%;--awb-margin-top-large:0px;--awb-spacing-right-large:3.84%;--awb-margin-bottom-large:20px;--awb-spacing-left-large:3.84%;--awb-width-medium:50%;--awb-order-medium:0;--awb-spacing-right-medium:3.84%;--awb-spacing-left-medium:3.84%;--awb-width-small:100%;--awb-order-small:0;--awb-spacing-right-small:1.92%;--awb-spacing-left-small:1.92%;\"><div class=\"fusion-column-wrapper fusion-column-has-shadow fusion-flex-justify-content-flex-start fusion-content-layout-column\"><div class=\"fusion-text fusion-text-3\"><p><img decoding=\"async\" class=\"lazyload alignnone size-full wp-image-595\" src=\"data:image\/svg+xml,%3Csvg%20xmlns%3D%27http%3A%2F%2Fwww.w3.org%2F2000%2Fsvg%27%20width%3D%27109%27%20height%3D%2780%27%20viewBox%3D%270%200%20109%2080%27%3E%3Crect%20width%3D%27109%27%20height%3D%2780%27%20fill-opacity%3D%220%22%2F%3E%3C%2Fsvg%3E\" data-orig-src=\"https:\/\/www.haro-sports.com\/wp-content\/uploads\/2021\/05\/iso9001.gif\" alt=\"\" width=\"109\" height=\"80\" \/> \u00a0<img decoding=\"async\" class=\"lazyload alignnone size-full wp-image-596\" src=\"data:image\/svg+xml,%3Csvg%20xmlns%3D%27http%3A%2F%2Fwww.w3.org%2F2000%2Fsvg%27%20width%3D%27109%27%20height%3D%2780%27%20viewBox%3D%270%200%20109%2080%27%3E%3Crect%20width%3D%27109%27%20height%3D%2780%27%20fill-opacity%3D%220%22%2F%3E%3C%2Fsvg%3E\" data-orig-src=\"https:\/\/www.haro-sports.com\/wp-content\/uploads\/2021\/05\/iso14001.gif\" alt=\"\" width=\"109\" height=\"80\" \/> \u00a0 <img decoding=\"async\" class=\"lazyload alignnone size-full wp-image-597\" src=\"https:\/\/www.haro-sports.com\/wp-content\/uploads\/2021\/05\/ral.gif\" data-orig-src=\"https:\/\/www.haro-sports.com\/wp-content\/uploads\/2021\/05\/ral.gif\" alt=\"\" width=\"80\" height=\"80\" srcset=\"data:image\/svg+xml,%3Csvg%20xmlns%3D%27http%3A%2F%2Fwww.w3.org%2F2000%2Fsvg%27%20width%3D%2780%27%20height%3D%2780%27%20viewBox%3D%270%200%2080%2080%27%3E%3Crect%20width%3D%2780%27%20height%3D%2780%27%20fill-opacity%3D%220%22%2F%3E%3C%2Fsvg%3E\" data-srcset=\"https:\/\/www.haro-sports.com\/wp-content\/uploads\/2021\/05\/ral-66x66.gif 66w, https:\/\/www.haro-sports.com\/wp-content\/uploads\/2021\/05\/ral.gif 80w\" data-sizes=\"auto\" data-orig-sizes=\"(max-width: 80px) 100vw, 80px\" \/><\/p>\n<\/div><\/div><\/div><div class=\"fusion-layout-column fusion_builder_column_inner fusion-builder-nested-column-3 fusion_builder_column_inner_1_2 1_2 fusion-flex-column\" style=\"--awb-bg-size:cover;--awb-width-large:50%;--awb-margin-top-large:0px;--awb-spacing-right-large:3.84%;--awb-margin-bottom-large:20px;--awb-spacing-left-large:3.84%;--awb-width-medium:50%;--awb-order-medium:0;--awb-spacing-right-medium:3.84%;--awb-spacing-left-medium:3.84%;--awb-width-small:100%;--awb-order-small:0;--awb-spacing-right-small:1.92%;--awb-spacing-left-small:1.92%;\"><div class=\"fusion-column-wrapper fusion-column-has-shadow fusion-flex-justify-content-flex-start fusion-content-layout-column\"><div class=\"fusion-text fusion-text-4\"><p>Das Modell Athen ist ein echter Goldmedaillengewinner. Dieses Sportbodensystem wurde f\u00fcr die Olympischen Spiele 2004 in Athen in der \u201eFaliro \u2013 House of Handball\u201c-Wettkampfst\u00e4tte mit einem Taraflex Sport M Belag verlegt. Trotz des g\u00fcnstigen Preises zeichnet sich das System durch seine hohe Leistungsf\u00e4higkeit aus, die sowohl offizielle Vertreter als auch Spieler beeindruckte.<\/p>\n<p>Das Modell Athen besteht aus zwei Komponenten: der HARO Elastikschicht und zwei Schichten HARO Druckverteiler-Modulen, die auf einem ebenen Unterboden verlegt werden. Die Ebenheit muss der DIN 18202:1997-04, Bild 3, entsprechen oder nachtr\u00e4glich hergestellt werden. Dies kann zum Beispiel durch Trockensch\u00fcttungen oder Spachtelmassen erfolgen. Die Module sind aus hochwertigem Sperrholz aus Nordbirke gefertigt. Die Elastikschicht wird gro\u00dffl\u00e4chig lose verlegt. Die Druckverteiler-Module werden dann miteinander verklebt und verklammert.<\/p>\n<p>Die Synthetikoberfl\u00e4che wird anschlie\u00dfend auf die Druckverteiler-Module geklebt. Mit einer Konstruktionsh\u00f6he von nur 33 mm ist das Modell Athen die perfekte Wahl f\u00fcr Renovierungsprojekte. Athen erf\u00fcllt alle Anforderungen gem\u00e4\u00df deutscher DIN V 18032-2; April 2001, EN 14904. Er wird nach RAL GZ 942 qualit\u00e4tsgepr\u00fcft und besitzt eine bauaufsichtliche Zulassung.<\/p>\n<\/div><\/div><\/div><\/div><\/div><\/div><div class=\"fusion-layout-column fusion_builder_column fusion-builder-column-3 fusion_builder_column_1_2 1_2 fusion-flex-column\" style=\"--awb-bg-size:cover;--awb-width-large:50%;--awb-margin-top-large:0px;--awb-spacing-right-large:3.84%;--awb-margin-bottom-large:20px;--awb-spacing-left-large:3.84%;--awb-width-medium:50%;--awb-order-medium:0;--awb-spacing-right-medium:3.84%;--awb-spacing-left-medium:3.84%;--awb-width-small:100%;--awb-order-small:0;--awb-spacing-right-small:1.92%;--awb-spacing-left-small:1.92%;\"><div class=\"fusion-column-wrapper fusion-column-has-shadow fusion-flex-justify-content-flex-start fusion-content-layout-column\"><div class=\"fusion-title title fusion-title-3 fusion-sep-none fusion-title-text fusion-title-size-four\" style=\"--awb-margin-top-small:10px;--awb-margin-right-small:0px;--awb-margin-bottom-small:10px;--awb-margin-left-small:0px;\"><h4 class=\"fusion-title-heading title-heading-left\" style=\"margin:0;\">Documents &amp; Downloads<\/h4><\/div><div class=\"fusion-text fusion-text-5\">        <div class=\"download-list-wrap\">\n                        <ul>\n                <li data-id=\"3768\" data-cats=\"155,19,13\" class=\"download-list-item download-3768\"><a target=\"_blank\" href=\"https:\/\/www.haro-sports.com\/wp-content\/uploads\/2023\/09\/Technical-Datasheet-Model-Athens-15.pdf\" class=\"download-item download-item-pdf\">Technical Datasheet Model Athens 15 (EN)<span class=\"download-type\">Datenblatt<\/span><span class=\"download-link\">PDF download<\/span><\/a><\/li>            <\/ul>\n        <\/div>\n\n        \n<\/div><\/div><\/div><\/div><\/div><\/p>\n","protected":false},"excerpt":{"rendered":"","protected":false},"author":1,"featured_media":3355,"parent":3731,"menu_order":1,"comment_status":"closed","ping_status":"closed","template":"","meta":{"_acf_changed":false,"footnotes":""},"class_list":["post-3758","page","type-page","status-publish","has-post-thumbnail","hentry"],"acf":{"hoehe":33},"yoast_head":"<!-- This site is optimized with the Yoast SEO plugin v27.5 - https:\/\/yoast.com\/product\/yoast-seo-wordpress\/ -->\n<title>Athens 15 - HARO Sports<\/title>\n<meta name=\"description\" content=\"Das Modell Athen ist ein echter Goldmedaillengewinner. Dieses Sportbodensystem wurde f\u00fcr die Olympischen Spiele 2004 in Athen verlegt.\" \/>\n<meta name=\"robots\" content=\"index, follow, max-snippet:-1, max-image-preview:large, max-video-preview:-1\" \/>\n<link rel=\"canonical\" href=\"https:\/\/www.haro-sports.com\/en\/products\/elastic-sports-coating\/athens\/athens-15\/\" \/>\n<meta property=\"og:locale\" content=\"en_US\" \/>\n<meta property=\"og:type\" content=\"article\" \/>\n<meta property=\"og:title\" content=\"Athens 15 - HARO Sports\" \/>\n<meta property=\"og:description\" content=\"Das Modell Athen ist ein echter Goldmedaillengewinner. Dieses Sportbodensystem wurde f\u00fcr die Olympischen Spiele 2004 in Athen verlegt.\" \/>\n<meta property=\"og:url\" content=\"https:\/\/www.haro-sports.com\/en\/products\/elastic-sports-coating\/athens\/athens-15\/\" \/>\n<meta property=\"og:site_name\" content=\"HARO Sports\" \/>\n<meta property=\"article:modified_time\" content=\"2023-06-27T12:08:25+00:00\" \/>\n<meta property=\"og:image\" content=\"https:\/\/www.haro-sports.com\/wp-content\/uploads\/2022\/07\/Athen_15-1-scaled.jpg\" \/>\n\t<meta property=\"og:image:width\" content=\"2560\" \/>\n\t<meta property=\"og:image:height\" content=\"1707\" \/>\n\t<meta property=\"og:image:type\" content=\"image\/jpeg\" \/>\n<meta name=\"twitter:card\" content=\"summary_large_image\" \/>\n<meta name=\"twitter:label1\" content=\"Est. reading time\" \/>\n\t<meta name=\"twitter:data1\" content=\"11 minutes\" \/>\n<script type=\"application\/ld+json\" class=\"yoast-schema-graph\">{\"@context\":\"https:\\\/\\\/schema.org\",\"@graph\":[{\"@type\":\"WebPage\",\"@id\":\"https:\\\/\\\/www.haro-sports.com\\\/en\\\/products\\\/elastic-sports-coating\\\/athens\\\/athens-15\\\/\",\"url\":\"https:\\\/\\\/www.haro-sports.com\\\/en\\\/products\\\/elastic-sports-coating\\\/athens\\\/athens-15\\\/\",\"name\":\"Athens 15 - HARO Sports\",\"isPartOf\":{\"@id\":\"https:\\\/\\\/www.haro-sports.com\\\/#website\"},\"primaryImageOfPage\":{\"@id\":\"https:\\\/\\\/www.haro-sports.com\\\/en\\\/products\\\/elastic-sports-coating\\\/athens\\\/athens-15\\\/#primaryimage\"},\"image\":{\"@id\":\"https:\\\/\\\/www.haro-sports.com\\\/en\\\/products\\\/elastic-sports-coating\\\/athens\\\/athens-15\\\/#primaryimage\"},\"thumbnailUrl\":\"https:\\\/\\\/www.haro-sports.com\\\/wp-content\\\/uploads\\\/2022\\\/07\\\/Athen_15-1-scaled.jpg\",\"datePublished\":\"2021-05-27T15:24:28+00:00\",\"dateModified\":\"2023-06-27T12:08:25+00:00\",\"description\":\"Das Modell Athen ist ein echter Goldmedaillengewinner. Dieses Sportbodensystem wurde f\u00fcr die Olympischen Spiele 2004 in Athen verlegt.\",\"breadcrumb\":{\"@id\":\"https:\\\/\\\/www.haro-sports.com\\\/en\\\/products\\\/elastic-sports-coating\\\/athens\\\/athens-15\\\/#breadcrumb\"},\"inLanguage\":\"en-US\",\"potentialAction\":[{\"@type\":\"ReadAction\",\"target\":[\"https:\\\/\\\/www.haro-sports.com\\\/en\\\/products\\\/elastic-sports-coating\\\/athens\\\/athens-15\\\/\"]}]},{\"@type\":\"ImageObject\",\"inLanguage\":\"en-US\",\"@id\":\"https:\\\/\\\/www.haro-sports.com\\\/en\\\/products\\\/elastic-sports-coating\\\/athens\\\/athens-15\\\/#primaryimage\",\"url\":\"https:\\\/\\\/www.haro-sports.com\\\/wp-content\\\/uploads\\\/2022\\\/07\\\/Athen_15-1-scaled.jpg\",\"contentUrl\":\"https:\\\/\\\/www.haro-sports.com\\\/wp-content\\\/uploads\\\/2022\\\/07\\\/Athen_15-1-scaled.jpg\",\"width\":2560,\"height\":1707},{\"@type\":\"BreadcrumbList\",\"@id\":\"https:\\\/\\\/www.haro-sports.com\\\/en\\\/products\\\/elastic-sports-coating\\\/athens\\\/athens-15\\\/#breadcrumb\",\"itemListElement\":[{\"@type\":\"ListItem\",\"position\":1,\"name\":\"Home\",\"item\":\"https:\\\/\\\/www.haro-sports.com\\\/en\\\/\"},{\"@type\":\"ListItem\",\"position\":2,\"name\":\"Products\",\"item\":\"https:\\\/\\\/www.haro-sports.com\\\/en\\\/products\\\/\"},{\"@type\":\"ListItem\",\"position\":3,\"name\":\"Elastic sports coating\",\"item\":\"https:\\\/\\\/www.haro-sports.com\\\/en\\\/products\\\/elastic-sports-coating\\\/\"},{\"@type\":\"ListItem\",\"position\":4,\"name\":\"Athens\",\"item\":\"https:\\\/\\\/www.haro-sports.com\\\/en\\\/products\\\/elastic-sports-coating\\\/athens\\\/\"},{\"@type\":\"ListItem\",\"position\":5,\"name\":\"Athens 15\"}]},{\"@type\":\"WebSite\",\"@id\":\"https:\\\/\\\/www.haro-sports.com\\\/#website\",\"url\":\"https:\\\/\\\/www.haro-sports.com\\\/\",\"name\":\"HARO Sports\",\"description\":\"SIE SUCHEN EINEN SPORTBODEN F\u00dcR IHRE SPORTHALLE?\",\"potentialAction\":[{\"@type\":\"SearchAction\",\"target\":{\"@type\":\"EntryPoint\",\"urlTemplate\":\"https:\\\/\\\/www.haro-sports.com\\\/?s={search_term_string}\"},\"query-input\":{\"@type\":\"PropertyValueSpecification\",\"valueRequired\":true,\"valueName\":\"search_term_string\"}}],\"inLanguage\":\"en-US\"}]}<\/script>\n<!-- \/ Yoast SEO plugin. -->","yoast_head_json":{"title":"Athens 15 - HARO Sports","description":"Das Modell Athen ist ein echter Goldmedaillengewinner. Dieses Sportbodensystem wurde f\u00fcr die Olympischen Spiele 2004 in Athen verlegt.","robots":{"index":"index","follow":"follow","max-snippet":"max-snippet:-1","max-image-preview":"max-image-preview:large","max-video-preview":"max-video-preview:-1"},"canonical":"https:\/\/www.haro-sports.com\/en\/products\/elastic-sports-coating\/athens\/athens-15\/","og_locale":"en_US","og_type":"article","og_title":"Athens 15 - HARO Sports","og_description":"Das Modell Athen ist ein echter Goldmedaillengewinner. Dieses Sportbodensystem wurde f\u00fcr die Olympischen Spiele 2004 in Athen verlegt.","og_url":"https:\/\/www.haro-sports.com\/en\/products\/elastic-sports-coating\/athens\/athens-15\/","og_site_name":"HARO Sports","article_modified_time":"2023-06-27T12:08:25+00:00","og_image":[{"width":2560,"height":1707,"url":"https:\/\/www.haro-sports.com\/wp-content\/uploads\/2022\/07\/Athen_15-1-scaled.jpg","type":"image\/jpeg"}],"twitter_card":"summary_large_image","twitter_misc":{"Est. reading time":"11 minutes"},"schema":{"@context":"https:\/\/schema.org","@graph":[{"@type":"WebPage","@id":"https:\/\/www.haro-sports.com\/en\/products\/elastic-sports-coating\/athens\/athens-15\/","url":"https:\/\/www.haro-sports.com\/en\/products\/elastic-sports-coating\/athens\/athens-15\/","name":"Athens 15 - HARO Sports","isPartOf":{"@id":"https:\/\/www.haro-sports.com\/#website"},"primaryImageOfPage":{"@id":"https:\/\/www.haro-sports.com\/en\/products\/elastic-sports-coating\/athens\/athens-15\/#primaryimage"},"image":{"@id":"https:\/\/www.haro-sports.com\/en\/products\/elastic-sports-coating\/athens\/athens-15\/#primaryimage"},"thumbnailUrl":"https:\/\/www.haro-sports.com\/wp-content\/uploads\/2022\/07\/Athen_15-1-scaled.jpg","datePublished":"2021-05-27T15:24:28+00:00","dateModified":"2023-06-27T12:08:25+00:00","description":"Das Modell Athen ist ein echter Goldmedaillengewinner. Dieses Sportbodensystem wurde f\u00fcr die Olympischen Spiele 2004 in Athen verlegt.","breadcrumb":{"@id":"https:\/\/www.haro-sports.com\/en\/products\/elastic-sports-coating\/athens\/athens-15\/#breadcrumb"},"inLanguage":"en-US","potentialAction":[{"@type":"ReadAction","target":["https:\/\/www.haro-sports.com\/en\/products\/elastic-sports-coating\/athens\/athens-15\/"]}]},{"@type":"ImageObject","inLanguage":"en-US","@id":"https:\/\/www.haro-sports.com\/en\/products\/elastic-sports-coating\/athens\/athens-15\/#primaryimage","url":"https:\/\/www.haro-sports.com\/wp-content\/uploads\/2022\/07\/Athen_15-1-scaled.jpg","contentUrl":"https:\/\/www.haro-sports.com\/wp-content\/uploads\/2022\/07\/Athen_15-1-scaled.jpg","width":2560,"height":1707},{"@type":"BreadcrumbList","@id":"https:\/\/www.haro-sports.com\/en\/products\/elastic-sports-coating\/athens\/athens-15\/#breadcrumb","itemListElement":[{"@type":"ListItem","position":1,"name":"Home","item":"https:\/\/www.haro-sports.com\/en\/"},{"@type":"ListItem","position":2,"name":"Products","item":"https:\/\/www.haro-sports.com\/en\/products\/"},{"@type":"ListItem","position":3,"name":"Elastic sports coating","item":"https:\/\/www.haro-sports.com\/en\/products\/elastic-sports-coating\/"},{"@type":"ListItem","position":4,"name":"Athens","item":"https:\/\/www.haro-sports.com\/en\/products\/elastic-sports-coating\/athens\/"},{"@type":"ListItem","position":5,"name":"Athens 15"}]},{"@type":"WebSite","@id":"https:\/\/www.haro-sports.com\/#website","url":"https:\/\/www.haro-sports.com\/","name":"HARO Sports","description":"SIE SUCHEN EINEN SPORTBODEN F\u00dcR IHRE SPORTHALLE?","potentialAction":[{"@type":"SearchAction","target":{"@type":"EntryPoint","urlTemplate":"https:\/\/www.haro-sports.com\/?s={search_term_string}"},"query-input":{"@type":"PropertyValueSpecification","valueRequired":true,"valueName":"search_term_string"}}],"inLanguage":"en-US"}]}},"_links":{"self":[{"href":"https:\/\/www.haro-sports.com\/en\/wp-json\/wp\/v2\/pages\/3758","targetHints":{"allow":["GET"]}}],"collection":[{"href":"https:\/\/www.haro-sports.com\/en\/wp-json\/wp\/v2\/pages"}],"about":[{"href":"https:\/\/www.haro-sports.com\/en\/wp-json\/wp\/v2\/types\/page"}],"author":[{"embeddable":true,"href":"https:\/\/www.haro-sports.com\/en\/wp-json\/wp\/v2\/users\/1"}],"replies":[{"embeddable":true,"href":"https:\/\/www.haro-sports.com\/en\/wp-json\/wp\/v2\/comments?post=3758"}],"version-history":[{"count":5,"href":"https:\/\/www.haro-sports.com\/en\/wp-json\/wp\/v2\/pages\/3758\/revisions"}],"predecessor-version":[{"id":3772,"href":"https:\/\/www.haro-sports.com\/en\/wp-json\/wp\/v2\/pages\/3758\/revisions\/3772"}],"up":[{"embeddable":true,"href":"https:\/\/www.haro-sports.com\/en\/wp-json\/wp\/v2\/pages\/3731"}],"wp:featuredmedia":[{"embeddable":true,"href":"https:\/\/www.haro-sports.com\/en\/wp-json\/wp\/v2\/media\/3355"}],"wp:attachment":[{"href":"https:\/\/www.haro-sports.com\/en\/wp-json\/wp\/v2\/media?parent=3758"}],"curies":[{"name":"wp","href":"https:\/\/api.w.org\/{rel}","templated":true}]}}