{"id":2963,"date":"2021-08-26T14:31:59","date_gmt":"2021-08-26T12:31:59","guid":{"rendered":"https:\/\/www.haro-sports.com\/impressum\/"},"modified":"2026-04-07T10:13:29","modified_gmt":"2026-04-07T08:13:29","slug":"imprint","status":"publish","type":"page","link":"https:\/\/www.haro-sports.com\/en\/imprint\/","title":{"rendered":"Imprint"},"content":{"rendered":"<p><div class=\"fusion-fullwidth fullwidth-box fusion-builder-row-1 fusion-flex-container nonhundred-percent-fullwidth non-hundred-percent-height-scrolling\" style=\"--awb-border-radius-top-left:0px;--awb-border-radius-top-right:0px;--awb-border-radius-bottom-right:0px;--awb-border-radius-bottom-left:0px;--awb-flex-wrap:wrap;\" ><div class=\"fusion-builder-row fusion-row fusion-flex-align-items-flex-start fusion-flex-content-wrap\" style=\"max-width:1435.2px;margin-left: calc(-4% \/ 2 );margin-right: calc(-4% \/ 2 );\"><div class=\"fusion-layout-column fusion_builder_column fusion-builder-column-0 fusion_builder_column_1_1 1_1 fusion-flex-column\" style=\"--awb-bg-size:cover;--awb-width-large:100%;--awb-margin-top-large:0px;--awb-spacing-right-large:1.92%;--awb-margin-bottom-large:20px;--awb-spacing-left-large:1.92%;--awb-width-medium:100%;--awb-order-medium:0;--awb-spacing-right-medium:1.92%;--awb-spacing-left-medium:1.92%;--awb-width-small:100%;--awb-order-small:0;--awb-spacing-right-small:1.92%;--awb-spacing-left-small:1.92%;\"><div class=\"fusion-column-wrapper fusion-column-has-shadow fusion-flex-justify-content-flex-start fusion-content-layout-column\"><div class=\"fusion-text fusion-text-1\"><h1>Imprint<\/h1>\n<\/div><\/div><\/div><\/div><\/div><div class=\"fusion-fullwidth fullwidth-box fusion-builder-row-2 fusion-flex-container nonhundred-percent-fullwidth non-hundred-percent-height-scrolling\" style=\"--awb-border-radius-top-left:0px;--awb-border-radius-top-right:0px;--awb-border-radius-bottom-right:0px;--awb-border-radius-bottom-left:0px;--awb-flex-wrap:wrap;\" ><div class=\"fusion-builder-row fusion-row fusion-flex-align-items-flex-start fusion-flex-content-wrap\" style=\"max-width:1435.2px;margin-left: calc(-4% \/ 2 );margin-right: calc(-4% \/ 2 );\"><div class=\"fusion-layout-column fusion_builder_column fusion-builder-column-1 fusion_builder_column_3_5 3_5 fusion-flex-column\" style=\"--awb-bg-size:cover;--awb-border-color:#000000;--awb-border-style:solid;--awb-width-large:60%;--awb-margin-top-large:0px;--awb-spacing-right-large:3.2%;--awb-margin-bottom-large:20px;--awb-spacing-left-large:3.2%;--awb-width-medium:60%;--awb-order-medium:0;--awb-spacing-right-medium:3.2%;--awb-spacing-left-medium:3.2%;--awb-width-small:100%;--awb-order-small:0;--awb-spacing-right-small:1.92%;--awb-spacing-left-small:1.92%;\"><div class=\"fusion-column-wrapper fusion-column-has-shadow fusion-flex-justify-content-flex-start fusion-content-layout-column\"><div class=\"fusion-text fusion-text-2\" style=\"--awb-text-transform:none;\"><p class=\"strong_not_like_h3\"><strong>Publisher<\/strong><\/p>\n<p><strong>Hamberger Flooring GmbH &amp; Co. KG<\/strong><br \/>\nRohrdorfer Str. 133<br \/>\n83071 Stephanskirchen<br \/>\nGermany<\/p>\n<p><strong>E-Mail contact:<\/strong>\u00a0<a href=\"https:\/\/www.haro-sports.com\/en\/contact\/\">Contact form<\/a>\u00a0\/\u00a0info@haro.com<br \/>\nTel.:\u00a0<a href=\"tel:+498031700714\">08031 700714<\/a><br \/>\nFax:\u00a0<a href=\"fax:+498031700299\">08031 700299<\/a><\/p>\n<p>Registered Office: Stephanskirchen<br \/>\nRegister Court: Amtsgericht Traunstein<br \/>\nRegister of Companies Entry No: HRA 9655<br \/>\nVAT ID number: DE 814905490<\/p>\n<p><strong>Website owner:<\/strong> Hamberger Flooring Gesch\u00e4ftsf\u00fchrungs GmbH<br \/>\nRohrdorfer Strasse 133, 83071 Stephanskirchen, Germany<\/p>\n<p>Registered Office: Stephanskirchen<br \/>\nRegister Court: Local Court of Traunstein<br \/>\nRegister of Companies Entry No: HRB 18002<\/p>\n<p><strong>Managing Director:<\/strong> Michael Paringer, Gerold Schmidt, Tim Kaltwasser<\/p>\n<p><strong>Responsible for the content:<\/strong> Gerold Schmidt, Managing Director of Sales and Marketing<\/p>\n<p><strong>Editor:<\/strong> Alena Velikova<\/p>\n<p class=\"strong_not_like_h3\"><strong>Public liability insurance<\/strong> with worldwide cover by Gothaer Allgemeine Versicherung AG, Gothaer Allee 1, 50598 Cologne, Germany<\/p>\n<p><strong>Content of the website:<\/strong><br \/>\nWe have used reasonable care in compiling the content of our website and checking it for possible sources of error. We do not warrant the accuracy or completeness of any text, information or data and will accept no liability for any errors or omissions to the maximum extent permitted by law.<\/p>\n<p><strong>All rights reserved:<\/strong><br \/>\nThe text, images, graphics, sound files, animation files and video files, and their programming and arrangement on the\u00a0<strong>Hamberger Flooring GmbH &amp; Co. KG<\/strong>\u00a0website are subject to copyright and other intellectual property rights.<\/p>\n<p>The use of the text and image material of this website is not permitted without the express prior written consent of\u00a0<strong>Hamberger Flooring GmbH &amp; Co. KG<\/strong>.<\/p>\n<p><strong>Trademarks:<\/strong><br \/>\nUnless otherwise indicated, all trademarks used on the\u00a0<strong>Hamberger Flooring GmbH &amp; Co. KG<\/strong>\u00a0website are protected by trademark laws.<\/p>\n<p>Icon: <a title=\"noise pollution icons\" href=\"https:\/\/www.flaticon.com\/free-icons\/noise-pollution\">Noise pollution icons created by kornkun &#8211; Flaticon<\/a><\/p>\n<p>The European Commission has set up a platform for online dispute resolution that you will find at <a href=\"https:\/\/ec.europa.eu\/consumers\/odr\/\" target=\"_blank\" rel=\"noreferrer noopener\">https:\/\/ec.europa.eu\/consumers\/odr\/<\/a>. We are not required and are currently not willing to take part in any case before a consumer dispute resolution body. We will monitor the platform for online dispute resolution and may join it at a later time, if the platform gains acceptance among consumers.<\/p>\n<p>Please also read our <a title=\"Hier gelangen Sie zu unserer Datenschutzrichtlinie\" href=\"https:\/\/www.haro-sports.com\/en\/privacy-policy\/\">Privacy Policy<\/a>!<\/p>\n<\/div><\/div><\/div><div class=\"fusion-layout-column fusion_builder_column fusion-builder-column-2 fusion_builder_column_2_5 2_5 fusion-flex-column\" style=\"--awb-bg-size:cover;--awb-width-large:40%;--awb-margin-top-large:0px;--awb-spacing-right-large:4.8%;--awb-margin-bottom-large:20px;--awb-spacing-left-large:4.8%;--awb-width-medium:40%;--awb-order-medium:0;--awb-spacing-right-medium:4.8%;--awb-spacing-left-medium:4.8%;--awb-width-small:100%;--awb-order-small:0;--awb-spacing-right-small:1.92%;--awb-spacing-left-small:1.92%;\"><div class=\"fusion-column-wrapper fusion-column-has-shadow fusion-flex-justify-content-flex-start fusion-content-layout-column\"><\/div><\/div><\/div><\/div><\/p>\n","protected":false},"excerpt":{"rendered":"","protected":false},"author":1,"featured_media":2391,"parent":0,"menu_order":12,"comment_status":"closed","ping_status":"closed","template":"","meta":{"_acf_changed":false,"footnotes":""},"class_list":["post-2963","page","type-page","status-publish","has-post-thumbnail","hentry"],"acf":{"hoehe":1000},"yoast_head":"<!-- This site is optimized with the Yoast SEO plugin v27.4 - https:\/\/yoast.com\/product\/yoast-seo-wordpress\/ -->\n<title>Imprint - HARO Sports<\/title>\n<meta name=\"description\" content=\"Die hohe Qualit\u00e4t unserer HARO Sports Flooring Sportb\u00f6den sp\u00fcren Sie bei jedem Schritt und diese Qualit\u00e4t ist ebenfalls durch verschiedene G\u00fctesiegel best\u00e4tigt.\" \/>\n<meta name=\"robots\" content=\"noindex, follow\" \/>\n<meta property=\"og:locale\" content=\"en_US\" \/>\n<meta property=\"og:type\" content=\"article\" \/>\n<meta property=\"og:title\" content=\"Imprint - HARO Sports\" \/>\n<meta property=\"og:description\" content=\"Die hohe Qualit\u00e4t unserer HARO Sports Flooring Sportb\u00f6den sp\u00fcren Sie bei jedem Schritt und diese Qualit\u00e4t ist ebenfalls durch verschiedene G\u00fctesiegel best\u00e4tigt.\" \/>\n<meta property=\"og:url\" content=\"https:\/\/www.haro-sports.com\/en\/imprint\/\" \/>\n<meta property=\"og:site_name\" content=\"HARO Sports\" \/>\n<meta property=\"article:modified_time\" content=\"2026-04-07T08:13:29+00:00\" \/>\n<meta property=\"og:image\" content=\"https:\/\/www.haro-sports.com\/wp-content\/uploads\/2021\/08\/haro_firmengelaende_von_oben.jpg\" \/>\n\t<meta property=\"og:image:width\" content=\"1920\" \/>\n\t<meta property=\"og:image:height\" content=\"700\" \/>\n\t<meta property=\"og:image:type\" content=\"image\/jpeg\" \/>\n<meta name=\"twitter:card\" content=\"summary_large_image\" \/>\n<meta name=\"twitter:label1\" content=\"Est. reading time\" \/>\n\t<meta name=\"twitter:data1\" content=\"3 minutes\" \/>\n<script type=\"application\/ld+json\" class=\"yoast-schema-graph\">{\"@context\":\"https:\\\/\\\/schema.org\",\"@graph\":[{\"@type\":\"WebPage\",\"@id\":\"https:\\\/\\\/www.haro-sports.com\\\/en\\\/imprint\\\/\",\"url\":\"https:\\\/\\\/www.haro-sports.com\\\/en\\\/imprint\\\/\",\"name\":\"Imprint - HARO Sports\",\"isPartOf\":{\"@id\":\"https:\\\/\\\/www.haro-sports.com\\\/#website\"},\"primaryImageOfPage\":{\"@id\":\"https:\\\/\\\/www.haro-sports.com\\\/en\\\/imprint\\\/#primaryimage\"},\"image\":{\"@id\":\"https:\\\/\\\/www.haro-sports.com\\\/en\\\/imprint\\\/#primaryimage\"},\"thumbnailUrl\":\"https:\\\/\\\/www.haro-sports.com\\\/wp-content\\\/uploads\\\/2021\\\/08\\\/haro_firmengelaende_von_oben.jpg\",\"datePublished\":\"2021-08-26T12:31:59+00:00\",\"dateModified\":\"2026-04-07T08:13:29+00:00\",\"description\":\"Die hohe Qualit\u00e4t unserer HARO Sports Flooring Sportb\u00f6den sp\u00fcren Sie bei jedem Schritt und diese Qualit\u00e4t ist ebenfalls durch verschiedene G\u00fctesiegel best\u00e4tigt.\",\"breadcrumb\":{\"@id\":\"https:\\\/\\\/www.haro-sports.com\\\/en\\\/imprint\\\/#breadcrumb\"},\"inLanguage\":\"en-US\",\"potentialAction\":[{\"@type\":\"ReadAction\",\"target\":[\"https:\\\/\\\/www.haro-sports.com\\\/en\\\/imprint\\\/\"]}]},{\"@type\":\"ImageObject\",\"inLanguage\":\"en-US\",\"@id\":\"https:\\\/\\\/www.haro-sports.com\\\/en\\\/imprint\\\/#primaryimage\",\"url\":\"https:\\\/\\\/www.haro-sports.com\\\/wp-content\\\/uploads\\\/2021\\\/08\\\/haro_firmengelaende_von_oben.jpg\",\"contentUrl\":\"https:\\\/\\\/www.haro-sports.com\\\/wp-content\\\/uploads\\\/2021\\\/08\\\/haro_firmengelaende_von_oben.jpg\",\"width\":1920,\"height\":700,\"caption\":\"Firmengel\u00e4nde HARO\"},{\"@type\":\"BreadcrumbList\",\"@id\":\"https:\\\/\\\/www.haro-sports.com\\\/en\\\/imprint\\\/#breadcrumb\",\"itemListElement\":[{\"@type\":\"ListItem\",\"position\":1,\"name\":\"Home\",\"item\":\"https:\\\/\\\/www.haro-sports.com\\\/en\\\/\"},{\"@type\":\"ListItem\",\"position\":2,\"name\":\"Imprint\"}]},{\"@type\":\"WebSite\",\"@id\":\"https:\\\/\\\/www.haro-sports.com\\\/#website\",\"url\":\"https:\\\/\\\/www.haro-sports.com\\\/\",\"name\":\"HARO Sports\",\"description\":\"SIE SUCHEN EINEN SPORTBODEN F\u00dcR IHRE SPORTHALLE?\",\"potentialAction\":[{\"@type\":\"SearchAction\",\"target\":{\"@type\":\"EntryPoint\",\"urlTemplate\":\"https:\\\/\\\/www.haro-sports.com\\\/?s={search_term_string}\"},\"query-input\":{\"@type\":\"PropertyValueSpecification\",\"valueRequired\":true,\"valueName\":\"search_term_string\"}}],\"inLanguage\":\"en-US\"}]}<\/script>\n<!-- \/ Yoast SEO plugin. -->","yoast_head_json":{"title":"Imprint - HARO Sports","description":"Die hohe Qualit\u00e4t unserer HARO Sports Flooring Sportb\u00f6den sp\u00fcren Sie bei jedem Schritt und diese Qualit\u00e4t ist ebenfalls durch verschiedene G\u00fctesiegel best\u00e4tigt.","robots":{"index":"noindex","follow":"follow"},"og_locale":"en_US","og_type":"article","og_title":"Imprint - HARO Sports","og_description":"Die hohe Qualit\u00e4t unserer HARO Sports Flooring Sportb\u00f6den sp\u00fcren Sie bei jedem Schritt und diese Qualit\u00e4t ist ebenfalls durch verschiedene G\u00fctesiegel best\u00e4tigt.","og_url":"https:\/\/www.haro-sports.com\/en\/imprint\/","og_site_name":"HARO Sports","article_modified_time":"2026-04-07T08:13:29+00:00","og_image":[{"width":1920,"height":700,"url":"https:\/\/www.haro-sports.com\/wp-content\/uploads\/2021\/08\/haro_firmengelaende_von_oben.jpg","type":"image\/jpeg"}],"twitter_card":"summary_large_image","twitter_misc":{"Est. reading time":"3 minutes"},"schema":{"@context":"https:\/\/schema.org","@graph":[{"@type":"WebPage","@id":"https:\/\/www.haro-sports.com\/en\/imprint\/","url":"https:\/\/www.haro-sports.com\/en\/imprint\/","name":"Imprint - HARO Sports","isPartOf":{"@id":"https:\/\/www.haro-sports.com\/#website"},"primaryImageOfPage":{"@id":"https:\/\/www.haro-sports.com\/en\/imprint\/#primaryimage"},"image":{"@id":"https:\/\/www.haro-sports.com\/en\/imprint\/#primaryimage"},"thumbnailUrl":"https:\/\/www.haro-sports.com\/wp-content\/uploads\/2021\/08\/haro_firmengelaende_von_oben.jpg","datePublished":"2021-08-26T12:31:59+00:00","dateModified":"2026-04-07T08:13:29+00:00","description":"Die hohe Qualit\u00e4t unserer HARO Sports Flooring Sportb\u00f6den sp\u00fcren Sie bei jedem Schritt und diese Qualit\u00e4t ist ebenfalls durch verschiedene G\u00fctesiegel best\u00e4tigt.","breadcrumb":{"@id":"https:\/\/www.haro-sports.com\/en\/imprint\/#breadcrumb"},"inLanguage":"en-US","potentialAction":[{"@type":"ReadAction","target":["https:\/\/www.haro-sports.com\/en\/imprint\/"]}]},{"@type":"ImageObject","inLanguage":"en-US","@id":"https:\/\/www.haro-sports.com\/en\/imprint\/#primaryimage","url":"https:\/\/www.haro-sports.com\/wp-content\/uploads\/2021\/08\/haro_firmengelaende_von_oben.jpg","contentUrl":"https:\/\/www.haro-sports.com\/wp-content\/uploads\/2021\/08\/haro_firmengelaende_von_oben.jpg","width":1920,"height":700,"caption":"Firmengel\u00e4nde HARO"},{"@type":"BreadcrumbList","@id":"https:\/\/www.haro-sports.com\/en\/imprint\/#breadcrumb","itemListElement":[{"@type":"ListItem","position":1,"name":"Home","item":"https:\/\/www.haro-sports.com\/en\/"},{"@type":"ListItem","position":2,"name":"Imprint"}]},{"@type":"WebSite","@id":"https:\/\/www.haro-sports.com\/#website","url":"https:\/\/www.haro-sports.com\/","name":"HARO Sports","description":"SIE SUCHEN EINEN SPORTBODEN F\u00dcR IHRE SPORTHALLE?","potentialAction":[{"@type":"SearchAction","target":{"@type":"EntryPoint","urlTemplate":"https:\/\/www.haro-sports.com\/?s={search_term_string}"},"query-input":{"@type":"PropertyValueSpecification","valueRequired":true,"valueName":"search_term_string"}}],"inLanguage":"en-US"}]}},"_links":{"self":[{"href":"https:\/\/www.haro-sports.com\/en\/wp-json\/wp\/v2\/pages\/2963","targetHints":{"allow":["GET"]}}],"collection":[{"href":"https:\/\/www.haro-sports.com\/en\/wp-json\/wp\/v2\/pages"}],"about":[{"href":"https:\/\/www.haro-sports.com\/en\/wp-json\/wp\/v2\/types\/page"}],"author":[{"embeddable":true,"href":"https:\/\/www.haro-sports.com\/en\/wp-json\/wp\/v2\/users\/1"}],"replies":[{"embeddable":true,"href":"https:\/\/www.haro-sports.com\/en\/wp-json\/wp\/v2\/comments?post=2963"}],"version-history":[{"count":5,"href":"https:\/\/www.haro-sports.com\/en\/wp-json\/wp\/v2\/pages\/2963\/revisions"}],"predecessor-version":[{"id":4296,"href":"https:\/\/www.haro-sports.com\/en\/wp-json\/wp\/v2\/pages\/2963\/revisions\/4296"}],"wp:featuredmedia":[{"embeddable":true,"href":"https:\/\/www.haro-sports.com\/en\/wp-json\/wp\/v2\/media\/2391"}],"wp:attachment":[{"href":"https:\/\/www.haro-sports.com\/en\/wp-json\/wp\/v2\/media?parent=2963"}],"curies":[{"name":"wp","href":"https:\/\/api.w.org\/{rel}","templated":true}]}}