{"id":1515,"date":"2021-07-04T14:57:12","date_gmt":"2021-07-04T12:57:12","guid":{"rendered":"https:\/\/www.haro-sports.com\/?page_id=1515"},"modified":"2023-03-15T15:41:33","modified_gmt":"2023-03-15T14:41:33","slug":"elastic-sports-coating","status":"publish","type":"page","link":"https:\/\/www.haro-sports.com\/en\/products\/elastic-sports-coating\/","title":{"rendered":"Elastic sports coating"},"content":{"rendered":"<p><div class=\"fusion-fullwidth fullwidth-box fusion-builder-row-1 fusion-flex-container nonhundred-percent-fullwidth non-hundred-percent-height-scrolling\" style=\"--awb-border-radius-top-left:0px;--awb-border-radius-top-right:0px;--awb-border-radius-bottom-right:0px;--awb-border-radius-bottom-left:0px;--awb-flex-wrap:wrap;\" ><div class=\"fusion-builder-row fusion-row fusion-flex-align-items-flex-start fusion-flex-content-wrap\" style=\"max-width:1435.2px;margin-left: calc(-4% \/ 2 );margin-right: calc(-4% \/ 2 );\"><div class=\"fusion-layout-column fusion_builder_column fusion-builder-column-0 fusion_builder_column_1_1 1_1 fusion-flex-column\" style=\"--awb-bg-size:cover;--awb-width-large:100%;--awb-margin-top-large:0px;--awb-spacing-right-large:1.92%;--awb-margin-bottom-large:20px;--awb-spacing-left-large:1.92%;--awb-width-medium:100%;--awb-order-medium:0;--awb-spacing-right-medium:1.92%;--awb-spacing-left-medium:1.92%;--awb-width-small:100%;--awb-order-small:0;--awb-spacing-right-small:1.92%;--awb-spacing-left-small:1.92%;\"><div class=\"fusion-column-wrapper fusion-column-has-shadow fusion-flex-justify-content-flex-start fusion-content-layout-column\"><div class=\"fusion-text fusion-text-1\"><h1>Elastic sports coating<\/h1>\n<h2>HARO elastic sports coating \u2013 an alternative<\/h2>\n<p>In principle, every suitable coating, such as linoleum, PVC or rubber, can be used with a HARO sub-construction. Due to its technical properties, an elastic sports coating is a real alternative to parquet and offers a nearly unlimited variety of colours. Usually, the natural materials rubber and linoleum, but also synthetic PVC, are used as a coating. The significant difference between these coatings lies in their properties.<\/p>\n<\/div><\/div><\/div><\/div><\/div><div class=\"fusion-fullwidth fullwidth-box fusion-builder-row-2 fusion-flex-container nonhundred-percent-fullwidth non-hundred-percent-height-scrolling\" style=\"--awb-border-radius-top-left:0px;--awb-border-radius-top-right:0px;--awb-border-radius-bottom-right:0px;--awb-border-radius-bottom-left:0px;--awb-flex-wrap:wrap;\" ><div class=\"fusion-builder-row fusion-row fusion-flex-align-items-flex-start fusion-flex-content-wrap\" style=\"max-width:1435.2px;margin-left: calc(-4% \/ 2 );margin-right: calc(-4% \/ 2 );\"><div class=\"fusion-layout-column fusion_builder_column fusion-builder-column-1 fusion_builder_column_1_1 1_1 fusion-flex-column\" style=\"--awb-bg-size:cover;--awb-width-large:100%;--awb-margin-top-large:0px;--awb-spacing-right-large:1.92%;--awb-margin-bottom-large:20px;--awb-spacing-left-large:1.92%;--awb-width-medium:100%;--awb-order-medium:0;--awb-spacing-right-medium:1.92%;--awb-spacing-left-medium:1.92%;--awb-width-small:100%;--awb-order-small:0;--awb-spacing-right-small:1.92%;--awb-spacing-left-small:1.92%;\"><div class=\"fusion-column-wrapper fusion-column-has-shadow fusion-flex-justify-content-flex-start fusion-content-layout-column\"><div class=\"fusion-text fusion-text-2\"><h3>Coatings for sports and multi-purpose halls:<\/h3>\n<\/div><\/div><\/div><div class=\"fusion-layout-column fusion_builder_column fusion-builder-column-2 fusion_builder_column_1_3 1_3 fusion-flex-column\" style=\"--awb-bg-size:cover;--awb-width-large:33.333333333333%;--awb-margin-top-large:0px;--awb-spacing-right-large:5.76%;--awb-margin-bottom-large:20px;--awb-spacing-left-large:5.76%;--awb-width-medium:33.333333333333%;--awb-order-medium:0;--awb-spacing-right-medium:5.76%;--awb-spacing-left-medium:5.76%;--awb-width-small:100%;--awb-order-small:0;--awb-spacing-right-small:1.92%;--awb-spacing-left-small:1.92%;\"><div class=\"fusion-column-wrapper fusion-column-has-shadow fusion-flex-justify-content-flex-start fusion-content-layout-column\"><div class=\"fusion-image-element \" style=\"--awb-caption-title-font-family:var(--h2_typography-font-family);--awb-caption-title-font-weight:var(--h2_typography-font-weight);--awb-caption-title-font-style:var(--h2_typography-font-style);--awb-caption-title-size:var(--h2_typography-font-size);--awb-caption-title-transform:var(--h2_typography-text-transform);--awb-caption-title-line-height:var(--h2_typography-line-height);--awb-caption-title-letter-spacing:var(--h2_typography-letter-spacing);\"><span class=\" fusion-imageframe imageframe-none imageframe-1 hover-type-none\"><a href=\"https:\/\/www.haro-sports.com\/wp-content\/uploads\/2021\/04\/sportbelag_linoleum.jpg\" class=\"fusion-lightbox\" data-rel=\"iLightbox[holzarten]\"><img decoding=\"async\" width=\"250\" height=\"250\" src=\"https:\/\/www.haro-sports.com\/wp-content\/uploads\/2021\/04\/sportbelag_linoleum.jpg\" data-orig-src=\"https:\/\/www.haro-sports.com\/wp-content\/uploads\/2021\/04\/sportbelag_linoleum.jpg\" alt class=\"lazyload img-responsive wp-image-1158\" srcset=\"data:image\/svg+xml,%3Csvg%20xmlns%3D%27http%3A%2F%2Fwww.w3.org%2F2000%2Fsvg%27%20width%3D%27250%27%20height%3D%27250%27%20viewBox%3D%270%200%20250%20250%27%3E%3Crect%20width%3D%27250%27%20height%3D%27250%27%20fill-opacity%3D%220%22%2F%3E%3C%2Fsvg%3E\" data-srcset=\"https:\/\/www.haro-sports.com\/wp-content\/uploads\/2021\/04\/sportbelag_linoleum-200x200.jpg 200w, https:\/\/www.haro-sports.com\/wp-content\/uploads\/2021\/04\/sportbelag_linoleum.jpg 250w\" data-sizes=\"auto\" data-orig-sizes=\"(max-width: 640px) 100vw, 250px\" \/><\/a><\/span><\/div><div class=\"fusion-text fusion-text-3\" style=\"--awb-margin-top:20px;\"><p><b>Linoleum<\/b><\/p>\n<\/div><\/div><\/div><div class=\"fusion-layout-column fusion_builder_column fusion-builder-column-3 fusion_builder_column_1_3 1_3 fusion-flex-column\" style=\"--awb-bg-size:cover;--awb-width-large:33.333333333333%;--awb-margin-top-large:0px;--awb-spacing-right-large:5.76%;--awb-margin-bottom-large:20px;--awb-spacing-left-large:5.76%;--awb-width-medium:33.333333333333%;--awb-order-medium:0;--awb-spacing-right-medium:5.76%;--awb-spacing-left-medium:5.76%;--awb-width-small:100%;--awb-order-small:0;--awb-spacing-right-small:1.92%;--awb-spacing-left-small:1.92%;\"><div class=\"fusion-column-wrapper fusion-column-has-shadow fusion-flex-justify-content-flex-start fusion-content-layout-column\"><div class=\"fusion-image-element \" style=\"--awb-caption-title-font-family:var(--h2_typography-font-family);--awb-caption-title-font-weight:var(--h2_typography-font-weight);--awb-caption-title-font-style:var(--h2_typography-font-style);--awb-caption-title-size:var(--h2_typography-font-size);--awb-caption-title-transform:var(--h2_typography-text-transform);--awb-caption-title-line-height:var(--h2_typography-line-height);--awb-caption-title-letter-spacing:var(--h2_typography-letter-spacing);\"><span class=\" fusion-imageframe imageframe-none imageframe-2 hover-type-none\"><a href=\"https:\/\/www.haro-sports.com\/wp-content\/uploads\/2021\/04\/sportbelag_pvc.jpg\" class=\"fusion-lightbox\" data-rel=\"iLightbox[holzarten]\"><img decoding=\"async\" width=\"250\" height=\"250\" src=\"https:\/\/www.haro-sports.com\/wp-content\/uploads\/2021\/04\/sportbelag_pvc.jpg\" data-orig-src=\"https:\/\/www.haro-sports.com\/wp-content\/uploads\/2021\/04\/sportbelag_pvc.jpg\" alt class=\"lazyload img-responsive wp-image-1159\" srcset=\"data:image\/svg+xml,%3Csvg%20xmlns%3D%27http%3A%2F%2Fwww.w3.org%2F2000%2Fsvg%27%20width%3D%27250%27%20height%3D%27250%27%20viewBox%3D%270%200%20250%20250%27%3E%3Crect%20width%3D%27250%27%20height%3D%27250%27%20fill-opacity%3D%220%22%2F%3E%3C%2Fsvg%3E\" data-srcset=\"https:\/\/www.haro-sports.com\/wp-content\/uploads\/2021\/04\/sportbelag_pvc-200x200.jpg 200w, https:\/\/www.haro-sports.com\/wp-content\/uploads\/2021\/04\/sportbelag_pvc.jpg 250w\" data-sizes=\"auto\" data-orig-sizes=\"(max-width: 640px) 100vw, 250px\" \/><\/a><\/span><\/div><div class=\"fusion-text fusion-text-4\" style=\"--awb-margin-top:20px;\"><div class=\"col\"><b>PVC<\/b><\/div>\n<\/div><\/div><\/div><div class=\"fusion-layout-column fusion_builder_column fusion-builder-column-4 fusion_builder_column_1_3 1_3 fusion-flex-column\" style=\"--awb-bg-size:cover;--awb-width-large:33.333333333333%;--awb-margin-top-large:0px;--awb-spacing-right-large:5.76%;--awb-margin-bottom-large:20px;--awb-spacing-left-large:5.76%;--awb-width-medium:33.333333333333%;--awb-order-medium:0;--awb-spacing-right-medium:5.76%;--awb-spacing-left-medium:5.76%;--awb-width-small:100%;--awb-order-small:0;--awb-spacing-right-small:1.92%;--awb-spacing-left-small:1.92%;\"><div class=\"fusion-column-wrapper fusion-column-has-shadow fusion-flex-justify-content-flex-start fusion-content-layout-column\"><div class=\"fusion-image-element \" style=\"--awb-caption-title-font-family:var(--h2_typography-font-family);--awb-caption-title-font-weight:var(--h2_typography-font-weight);--awb-caption-title-font-style:var(--h2_typography-font-style);--awb-caption-title-size:var(--h2_typography-font-size);--awb-caption-title-transform:var(--h2_typography-text-transform);--awb-caption-title-line-height:var(--h2_typography-line-height);--awb-caption-title-letter-spacing:var(--h2_typography-letter-spacing);\"><span class=\" fusion-imageframe imageframe-none imageframe-3 hover-type-none\"><a href=\"https:\/\/www.haro-sports.com\/wp-content\/uploads\/2021\/04\/sportbelag_pu.jpg\" class=\"fusion-lightbox\" data-rel=\"iLightbox[holzarten]\"><img decoding=\"async\" width=\"250\" height=\"250\" src=\"https:\/\/www.haro-sports.com\/wp-content\/uploads\/2021\/04\/sportbelag_pu.jpg\" data-orig-src=\"https:\/\/www.haro-sports.com\/wp-content\/uploads\/2021\/04\/sportbelag_pu.jpg\" alt class=\"lazyload img-responsive wp-image-1160\" srcset=\"data:image\/svg+xml,%3Csvg%20xmlns%3D%27http%3A%2F%2Fwww.w3.org%2F2000%2Fsvg%27%20width%3D%27250%27%20height%3D%27250%27%20viewBox%3D%270%200%20250%20250%27%3E%3Crect%20width%3D%27250%27%20height%3D%27250%27%20fill-opacity%3D%220%22%2F%3E%3C%2Fsvg%3E\" data-srcset=\"https:\/\/www.haro-sports.com\/wp-content\/uploads\/2021\/04\/sportbelag_pu-200x200.jpg 200w, https:\/\/www.haro-sports.com\/wp-content\/uploads\/2021\/04\/sportbelag_pu.jpg 250w\" data-sizes=\"auto\" data-orig-sizes=\"(max-width: 640px) 100vw, 250px\" \/><\/a><\/span><\/div><div class=\"fusion-text fusion-text-5\" style=\"--awb-margin-top:20px;\"><div class=\"col\"><b>PU<\/b><\/div>\n<\/div><\/div><\/div><\/div><\/div><div class=\"fusion-fullwidth fullwidth-box fusion-builder-row-3 fusion-flex-container nonhundred-percent-fullwidth non-hundred-percent-height-scrolling\" style=\"--awb-border-radius-top-left:0px;--awb-border-radius-top-right:0px;--awb-border-radius-bottom-right:0px;--awb-border-radius-bottom-left:0px;--awb-flex-wrap:wrap;\" ><div class=\"fusion-builder-row fusion-row fusion-flex-align-items-flex-start fusion-flex-content-wrap\" style=\"max-width:1435.2px;margin-left: calc(-4% \/ 2 );margin-right: calc(-4% \/ 2 );\"><div class=\"fusion-layout-column fusion_builder_column fusion-builder-column-5 fusion_builder_column_1_1 1_1 fusion-flex-column\" style=\"--awb-bg-size:cover;--awb-width-large:100%;--awb-margin-top-large:0px;--awb-spacing-right-large:1.92%;--awb-margin-bottom-large:20px;--awb-spacing-left-large:1.92%;--awb-width-medium:100%;--awb-order-medium:0;--awb-spacing-right-medium:1.92%;--awb-spacing-left-medium:1.92%;--awb-width-small:100%;--awb-order-small:0;--awb-spacing-right-small:1.92%;--awb-spacing-left-small:1.92%;\"><div class=\"fusion-column-wrapper fusion-column-has-shadow fusion-flex-justify-content-flex-start fusion-content-layout-column\"><div class=\"fusion-text fusion-text-6\"><p>The combined-elastic sports floor is not suitable, however, for multi-purpose use, cycling and roller skating. HARO offers a great variety of materials and designs in the area of elastic sports coatings. Also due to its technical properties, HARO elastic sports coatings are a real alternative to parquet and offer a nearly unlimited variety of colours.<\/p>\n<\/div><\/div><\/div><\/div><\/div><\/p>\n","protected":false},"excerpt":{"rendered":"","protected":false},"author":1,"featured_media":1157,"parent":1330,"menu_order":11,"comment_status":"closed","ping_status":"closed","template":"","meta":{"_acf_changed":false,"footnotes":""},"class_list":["post-1515","page","type-page","status-publish","has-post-thumbnail","hentry"],"acf":{"hoehe":1000},"yoast_head":"<!-- This site is optimized with the Yoast SEO plugin v27.4 - https:\/\/yoast.com\/product\/yoast-seo-wordpress\/ -->\n<title>Elastic sports coating - HARO Sports<\/title>\n<meta name=\"robots\" content=\"index, follow, max-snippet:-1, max-image-preview:large, max-video-preview:-1\" \/>\n<link rel=\"canonical\" href=\"https:\/\/www.haro-sports.com\/en\/products\/elastic-sports-coating\/\" \/>\n<meta property=\"og:locale\" content=\"en_US\" \/>\n<meta property=\"og:type\" content=\"article\" \/>\n<meta property=\"og:title\" content=\"Elastic sports coating - HARO Sports\" \/>\n<meta property=\"og:url\" content=\"https:\/\/www.haro-sports.com\/en\/products\/elastic-sports-coating\/\" \/>\n<meta property=\"og:site_name\" content=\"HARO Sports\" \/>\n<meta property=\"article:modified_time\" content=\"2023-03-15T14:41:33+00:00\" \/>\n<meta property=\"og:image\" content=\"https:\/\/www.haro-sports.com\/wp-content\/uploads\/2021\/04\/DSC4842_NEU-scaled-e1619617024737.jpg\" \/>\n\t<meta property=\"og:image:width\" content=\"7360\" \/>\n\t<meta property=\"og:image:height\" content=\"4912\" \/>\n\t<meta property=\"og:image:type\" content=\"image\/jpeg\" \/>\n<meta name=\"twitter:card\" content=\"summary_large_image\" \/>\n<meta name=\"twitter:label1\" content=\"Est. reading time\" \/>\n\t<meta name=\"twitter:data1\" content=\"8 minutes\" \/>\n<script type=\"application\/ld+json\" class=\"yoast-schema-graph\">{\"@context\":\"https:\\\/\\\/schema.org\",\"@graph\":[{\"@type\":\"WebPage\",\"@id\":\"https:\\\/\\\/www.haro-sports.com\\\/en\\\/products\\\/elastic-sports-coating\\\/\",\"url\":\"https:\\\/\\\/www.haro-sports.com\\\/en\\\/products\\\/elastic-sports-coating\\\/\",\"name\":\"Elastic sports coating - HARO Sports\",\"isPartOf\":{\"@id\":\"https:\\\/\\\/www.haro-sports.com\\\/#website\"},\"primaryImageOfPage\":{\"@id\":\"https:\\\/\\\/www.haro-sports.com\\\/en\\\/products\\\/elastic-sports-coating\\\/#primaryimage\"},\"image\":{\"@id\":\"https:\\\/\\\/www.haro-sports.com\\\/en\\\/products\\\/elastic-sports-coating\\\/#primaryimage\"},\"thumbnailUrl\":\"https:\\\/\\\/www.haro-sports.com\\\/wp-content\\\/uploads\\\/2021\\\/04\\\/DSC4842_NEU-scaled-e1619617024737.jpg\",\"datePublished\":\"2021-07-04T12:57:12+00:00\",\"dateModified\":\"2023-03-15T14:41:33+00:00\",\"breadcrumb\":{\"@id\":\"https:\\\/\\\/www.haro-sports.com\\\/en\\\/products\\\/elastic-sports-coating\\\/#breadcrumb\"},\"inLanguage\":\"en-US\",\"potentialAction\":[{\"@type\":\"ReadAction\",\"target\":[\"https:\\\/\\\/www.haro-sports.com\\\/en\\\/products\\\/elastic-sports-coating\\\/\"]}]},{\"@type\":\"ImageObject\",\"inLanguage\":\"en-US\",\"@id\":\"https:\\\/\\\/www.haro-sports.com\\\/en\\\/products\\\/elastic-sports-coating\\\/#primaryimage\",\"url\":\"https:\\\/\\\/www.haro-sports.com\\\/wp-content\\\/uploads\\\/2021\\\/04\\\/DSC4842_NEU-scaled-e1619617024737.jpg\",\"contentUrl\":\"https:\\\/\\\/www.haro-sports.com\\\/wp-content\\\/uploads\\\/2021\\\/04\\\/DSC4842_NEU-scaled-e1619617024737.jpg\",\"width\":7360,\"height\":4912,\"caption\":\"Der ber\u00fchmte Sportverein Hannover 96 hat ein neues Vereinssportzentrum. Die Fotografin Anke M\u00fcllerklein hat das Geb\u00e4ude sowohl von au\u00dfen als auch von innen in Szene gesetzt. Bei einigen Architekturfotos setzte die K\u00fcnstlerin durch ihre Lichtmalerei Akzente. Der Entwurf kommt von den beiden B\u00fcros Schulze und Partner Architektur und MM Architekten Martin M\u00fcller. Der elegante, 2-GeschossigeNeubau besticht durch seine helle Klinkerfassade und beherbergt 2 Sporthallen, Fitness Center, Kursr\u00e4ume, sowie B\u00fcror\u00e4ume und Gastronomiefl\u00e4chen. Die W\u00e4nde der Sporthallen wurden mit Prallw\u00e4nden der Marke HARO ausgestattet. Beim Sportboden kamen ebenfalls Produkte der Marke HARO zum Einsatz. Das dynamisch gestaltete Treppenhaus ist mit der Hannover 96 Farbe Gr\u00fcn akzentuiert. Das Planungsb\u00fcro Fahlke + Dettmer hat hier mit einem Lichtband den Verlauf des grafisch anmutenden Treppengel\u00e4nders hervorgehoben. Die hamburger Architekturfotografin Anke Mu\u0308llerklein setzte das Objekt mit ihren spannenden Perspektiven in Szene. Die Architekturfotografin Anke M\u00fcllerklein arbeitet f\u00fcr Architekturb\u00fcros, Investoren, Projektentwickler, Bauherren, Planer, Lichtplaner, Ingenieurb\u00fcros, Bauunternehmen und Hersteller designorientierter Produkte und fotografiert europaweit Objekte.\"},{\"@type\":\"BreadcrumbList\",\"@id\":\"https:\\\/\\\/www.haro-sports.com\\\/en\\\/products\\\/elastic-sports-coating\\\/#breadcrumb\",\"itemListElement\":[{\"@type\":\"ListItem\",\"position\":1,\"name\":\"Home\",\"item\":\"https:\\\/\\\/www.haro-sports.com\\\/en\\\/\"},{\"@type\":\"ListItem\",\"position\":2,\"name\":\"Products\",\"item\":\"https:\\\/\\\/www.haro-sports.com\\\/en\\\/products\\\/\"},{\"@type\":\"ListItem\",\"position\":3,\"name\":\"Elastic sports coating\"}]},{\"@type\":\"WebSite\",\"@id\":\"https:\\\/\\\/www.haro-sports.com\\\/#website\",\"url\":\"https:\\\/\\\/www.haro-sports.com\\\/\",\"name\":\"HARO Sports\",\"description\":\"SIE SUCHEN EINEN SPORTBODEN F\u00dcR IHRE SPORTHALLE?\",\"potentialAction\":[{\"@type\":\"SearchAction\",\"target\":{\"@type\":\"EntryPoint\",\"urlTemplate\":\"https:\\\/\\\/www.haro-sports.com\\\/?s={search_term_string}\"},\"query-input\":{\"@type\":\"PropertyValueSpecification\",\"valueRequired\":true,\"valueName\":\"search_term_string\"}}],\"inLanguage\":\"en-US\"}]}<\/script>\n<!-- \/ Yoast SEO plugin. -->","yoast_head_json":{"title":"Elastic sports coating - HARO Sports","robots":{"index":"index","follow":"follow","max-snippet":"max-snippet:-1","max-image-preview":"max-image-preview:large","max-video-preview":"max-video-preview:-1"},"canonical":"https:\/\/www.haro-sports.com\/en\/products\/elastic-sports-coating\/","og_locale":"en_US","og_type":"article","og_title":"Elastic sports coating - HARO Sports","og_url":"https:\/\/www.haro-sports.com\/en\/products\/elastic-sports-coating\/","og_site_name":"HARO Sports","article_modified_time":"2023-03-15T14:41:33+00:00","og_image":[{"width":7360,"height":4912,"url":"https:\/\/www.haro-sports.com\/wp-content\/uploads\/2021\/04\/DSC4842_NEU-scaled-e1619617024737.jpg","type":"image\/jpeg"}],"twitter_card":"summary_large_image","twitter_misc":{"Est. reading time":"8 minutes"},"schema":{"@context":"https:\/\/schema.org","@graph":[{"@type":"WebPage","@id":"https:\/\/www.haro-sports.com\/en\/products\/elastic-sports-coating\/","url":"https:\/\/www.haro-sports.com\/en\/products\/elastic-sports-coating\/","name":"Elastic sports coating - HARO Sports","isPartOf":{"@id":"https:\/\/www.haro-sports.com\/#website"},"primaryImageOfPage":{"@id":"https:\/\/www.haro-sports.com\/en\/products\/elastic-sports-coating\/#primaryimage"},"image":{"@id":"https:\/\/www.haro-sports.com\/en\/products\/elastic-sports-coating\/#primaryimage"},"thumbnailUrl":"https:\/\/www.haro-sports.com\/wp-content\/uploads\/2021\/04\/DSC4842_NEU-scaled-e1619617024737.jpg","datePublished":"2021-07-04T12:57:12+00:00","dateModified":"2023-03-15T14:41:33+00:00","breadcrumb":{"@id":"https:\/\/www.haro-sports.com\/en\/products\/elastic-sports-coating\/#breadcrumb"},"inLanguage":"en-US","potentialAction":[{"@type":"ReadAction","target":["https:\/\/www.haro-sports.com\/en\/products\/elastic-sports-coating\/"]}]},{"@type":"ImageObject","inLanguage":"en-US","@id":"https:\/\/www.haro-sports.com\/en\/products\/elastic-sports-coating\/#primaryimage","url":"https:\/\/www.haro-sports.com\/wp-content\/uploads\/2021\/04\/DSC4842_NEU-scaled-e1619617024737.jpg","contentUrl":"https:\/\/www.haro-sports.com\/wp-content\/uploads\/2021\/04\/DSC4842_NEU-scaled-e1619617024737.jpg","width":7360,"height":4912,"caption":"Der ber\u00fchmte Sportverein Hannover 96 hat ein neues Vereinssportzentrum. Die Fotografin Anke M\u00fcllerklein hat das Geb\u00e4ude sowohl von au\u00dfen als auch von innen in Szene gesetzt. Bei einigen Architekturfotos setzte die K\u00fcnstlerin durch ihre Lichtmalerei Akzente. Der Entwurf kommt von den beiden B\u00fcros Schulze und Partner Architektur und MM Architekten Martin M\u00fcller. Der elegante, 2-GeschossigeNeubau besticht durch seine helle Klinkerfassade und beherbergt 2 Sporthallen, Fitness Center, Kursr\u00e4ume, sowie B\u00fcror\u00e4ume und Gastronomiefl\u00e4chen. Die W\u00e4nde der Sporthallen wurden mit Prallw\u00e4nden der Marke HARO ausgestattet. Beim Sportboden kamen ebenfalls Produkte der Marke HARO zum Einsatz. Das dynamisch gestaltete Treppenhaus ist mit der Hannover 96 Farbe Gr\u00fcn akzentuiert. Das Planungsb\u00fcro Fahlke + Dettmer hat hier mit einem Lichtband den Verlauf des grafisch anmutenden Treppengel\u00e4nders hervorgehoben. Die hamburger Architekturfotografin Anke Mu\u0308llerklein setzte das Objekt mit ihren spannenden Perspektiven in Szene. Die Architekturfotografin Anke M\u00fcllerklein arbeitet f\u00fcr Architekturb\u00fcros, Investoren, Projektentwickler, Bauherren, Planer, Lichtplaner, Ingenieurb\u00fcros, Bauunternehmen und Hersteller designorientierter Produkte und fotografiert europaweit Objekte."},{"@type":"BreadcrumbList","@id":"https:\/\/www.haro-sports.com\/en\/products\/elastic-sports-coating\/#breadcrumb","itemListElement":[{"@type":"ListItem","position":1,"name":"Home","item":"https:\/\/www.haro-sports.com\/en\/"},{"@type":"ListItem","position":2,"name":"Products","item":"https:\/\/www.haro-sports.com\/en\/products\/"},{"@type":"ListItem","position":3,"name":"Elastic sports coating"}]},{"@type":"WebSite","@id":"https:\/\/www.haro-sports.com\/#website","url":"https:\/\/www.haro-sports.com\/","name":"HARO Sports","description":"SIE SUCHEN EINEN SPORTBODEN F\u00dcR IHRE SPORTHALLE?","potentialAction":[{"@type":"SearchAction","target":{"@type":"EntryPoint","urlTemplate":"https:\/\/www.haro-sports.com\/?s={search_term_string}"},"query-input":{"@type":"PropertyValueSpecification","valueRequired":true,"valueName":"search_term_string"}}],"inLanguage":"en-US"}]}},"_links":{"self":[{"href":"https:\/\/www.haro-sports.com\/en\/wp-json\/wp\/v2\/pages\/1515","targetHints":{"allow":["GET"]}}],"collection":[{"href":"https:\/\/www.haro-sports.com\/en\/wp-json\/wp\/v2\/pages"}],"about":[{"href":"https:\/\/www.haro-sports.com\/en\/wp-json\/wp\/v2\/types\/page"}],"author":[{"embeddable":true,"href":"https:\/\/www.haro-sports.com\/en\/wp-json\/wp\/v2\/users\/1"}],"replies":[{"embeddable":true,"href":"https:\/\/www.haro-sports.com\/en\/wp-json\/wp\/v2\/comments?post=1515"}],"version-history":[{"count":5,"href":"https:\/\/www.haro-sports.com\/en\/wp-json\/wp\/v2\/pages\/1515\/revisions"}],"predecessor-version":[{"id":3697,"href":"https:\/\/www.haro-sports.com\/en\/wp-json\/wp\/v2\/pages\/1515\/revisions\/3697"}],"up":[{"embeddable":true,"href":"https:\/\/www.haro-sports.com\/en\/wp-json\/wp\/v2\/pages\/1330"}],"wp:featuredmedia":[{"embeddable":true,"href":"https:\/\/www.haro-sports.com\/en\/wp-json\/wp\/v2\/media\/1157"}],"wp:attachment":[{"href":"https:\/\/www.haro-sports.com\/en\/wp-json\/wp\/v2\/media?parent=1515"}],"curies":[{"name":"wp","href":"https:\/\/api.w.org\/{rel}","templated":true}]}}